{"id":2,"date":"2016-11-03T16:24:16","date_gmt":"2016-11-03T15:24:16","guid":{"rendered":"http:\/\/holidaytorbole.it\/?page_id=2"},"modified":"2025-10-06T15:26:24","modified_gmt":"2025-10-06T13:26:24","slug":"home","status":"publish","type":"page","link":"https:\/\/www.mosellasuitehotel.it\/en\/","title":{"rendered":"Home"},"content":{"rendered":"<div class=\"wpb-content-wrapper\">[vc_row full_width=&#8221;stretch_row&#8221; css_animation=&#8221;bounceInUp&#8221; el_class=&#8221;container&#8221; el_id=&#8221;first-row&#8221;][vc_column width=&#8221;1\/3&#8243;][vc_column_text css_animation=&#8221;slideInLeft&#8221;]\r\n<h1>I&#8217;M MOSELLA,<\/h1>\r\n<h2>THE FIRST SUITE HOTEL IN SOTTOMARINA<\/h2>\r\n[\/vc_column_text][\/vc_column][vc_column css_animation=&#8221;slideInRight&#8221; width=&#8221;2\/3&#8243;][vc_single_image image=&#8221;5506&#8243; img_size=&#8221;full&#8221; css_animation=&#8221;slideInRight&#8221;][\/vc_column][\/vc_row][vc_row full_width=&#8221;stretch_row_content_no_spaces&#8221; el_id=&#8221;three-columns&#8221; el_class=&#8221;container&#8221; css=&#8221;.vc_custom_1553527539129{background-image: url(https:\/\/www.mosellasuitehotel.it\/wp-content\/uploads\/2019\/03\/waves.png?id=4715) !important;}&#8221;][vc_column width=&#8221;1\/3&#8243; el_class=&#8221;first-column&#8221;][vc_column_text css_animation=&#8221;slideInLeft&#8221;]\r\n<h2><img loading=\"lazy\" decoding=\"async\" class=\"alignnone size-full wp-image-5520\" src=\"https:\/\/www.mosellasuitehotel.it\/wp-content\/uploads\/2021\/03\/003-door-knob-1.png\" alt=\"\" width=\"64\" height=\"64\" \/>BE ALIVE<\/h2>\r\nThe combination of comfort in roomy brand-new\u00a0 apartaments, or rather Suites, and the exclusive facilities of a hotel: this waht you will find[\/vc_column_text][vc_column_text]<a class=\"btn-blue\" href=\"\/en\/suites-and-rooms\/\">DISCOVER<\/a>[\/vc_column_text][vc_single_image image=&#8221;5446&#8243; img_size=&#8221;full&#8221; alignment=&#8221;center&#8221; onclick=&#8221;custom_link&#8221; css_animation=&#8221;none&#8221; el_class=&#8221;image&#8221; link=&#8221;\/en\/suites-and-rooms\/&#8221;][\/vc_column][vc_column width=&#8221;1\/3&#8243; el_class=&#8221;second-column&#8221;][vc_column_text css_animation=&#8221;slideInUp&#8221;]\r\n<h2><img loading=\"lazy\" decoding=\"async\" class=\"alignnone size-full wp-image-5519\" src=\"https:\/\/www.mosellasuitehotel.it\/wp-content\/uploads\/2021\/03\/002-seafood-1.png\" alt=\"\" width=\"64\" height=\"64\" \/>TASTY<\/h2>\r\nTradition, Passion, Evolution.\r\n\r\nHere for a real Gourmet Experience![\/vc_column_text][vc_column_text]<a class=\"btn-blue\" href=\"https:\/\/module.lafourchette.com\/en_US\/module\/567427-0b17b#\/3571849\/dhp\">BOOK<\/a>[\/vc_column_text][vc_single_image image=&#8221;5483&#8243; img_size=&#8221;full&#8221; alignment=&#8221;center&#8221; onclick=&#8221;custom_link&#8221; img_link_target=&#8221;_blank&#8221; el_class=&#8221;image&#8221; link=&#8221;https:\/\/module.lafourchette.com\/en_US\/module\/567427-0b17b#\/3571849\/dhp&#8221;][\/vc_column][vc_column width=&#8221;1\/3&#8243; el_class=&#8221;third-column&#8221;][vc_column_text css_animation=&#8221;slideInRight&#8221;]\r\n<h2><img loading=\"lazy\" decoding=\"async\" class=\"alignnone size-full wp-image-5514\" src=\"https:\/\/www.mosellasuitehotel.it\/wp-content\/uploads\/2021\/03\/001-pet-care.png\" alt=\"\" width=\"64\" height=\"64\" \/>PET FRIENDLY<\/h2>\r\nYour 4-legged friends are welcome. We have whatever it takes to make them live a holiday of pure fun as with, for instace, our pet-friendly private beach, InDigaForDog[\/vc_column_text][vc_column_text]<a class=\"btn-blue\" href=\"\/en\/services\/\">DISCOVER<\/a>[\/vc_column_text][vc_single_image image=&#8221;5509&#8243; img_size=&#8221;full&#8221; alignment=&#8221;center&#8221; onclick=&#8221;custom_link&#8221; el_class=&#8221;image&#8221; link=&#8221;\/en\/services\/&#8221;][\/vc_column][\/vc_row][vc_row full_width=&#8221;stretch_row&#8221; el_id=&#8221;map-row&#8221; el_class=&#8221;container&#8221;][vc_column][vc_single_image image=&#8221;4717&#8243; img_size=&#8221;full&#8221; alignment=&#8221;center&#8221; onclick=&#8221;custom_link&#8221; link=&#8221;\/it\/contatti\/&#8221;][vc_column_text el_class=&#8221;text&#8221;]\r\n<h2>Between sea and lagoon<\/h2>\r\n<a class=\"btn-blue\" href=\"\/en\/contacts\/\">WHERE WE ARE<\/a>[\/vc_column_text][\/vc_column][\/vc_row]<\/div>","protected":false},"excerpt":{"rendered":"[vc_row full_width=&#8221;stretch_row&#8221; css_animation=&#8221;bounceInUp&#8221; el_class=&#8221;container&#8221; el_id=&#8221;first-row&#8221;][vc_column width=&#8221;1\/3&#8243;][vc_column_text css_animation=&#8221;slideInLeft&#8221;] I&#8217;M MOSELLA, THE FIRST SUITE HOTEL IN SOTTOMARINA [\/vc_column_text][\/vc_column][vc_column css_animation=&#8221;slideInRight&#8221; width=&#8221;2\/3&#8243;][vc_single_image image=&#8221;5506&#8243; img_size=&#8221;full&#8221; css_animation=&#8221;slideInRight&#8221;][\/vc_column][\/vc_row][vc_row full_width=&#8221;stretch_row_content_no_spaces&#8221; el_id=&#8221;three-columns&#8221; el_class=&#8221;container&#8221; css=&#8221;.vc_custom_1553527539129{background-image: url(https:\/\/www.mosellasuitehotel.it\/wp-content\/uploads\/2019\/03\/waves.png?id=4715) !important;}&#8221;][vc_column width=&#8221;1\/3&#8243; el_class=&#8221;first-column&#8221;][vc_column_text css_animation=&#8221;slideInLeft&#8221;] BE ALIVE The combination of comfort in roomy brand-new\u00a0 apartaments, or rather Suites, and the exclusive facilities of a hotel: this waht you will find[\/vc_column_text][vc_column_text]DISCOVER[\/vc_column_text][vc_single_image [&hellip;]","protected":false},"author":24,"featured_media":0,"parent":0,"menu_order":0,"comment_status":"closed","ping_status":"open","template":"","meta":{"_acf_changed":false,"footnotes":""},"class_list":["post-2","page","type-page","status-publish","hentry"],"acf":{"amp_link":"https:\/\/m.mosellasuitehotel.en\/index.html","amp_title":"I\u2019M MOSELLA","amp_content":"<h2>THE FIRST SUITE HOTEL IN SOTTOMARINA<\/h2>\n<p>&nbsp;<br \/>\n<amp-img src=\"https:\/\/www.mosellasuitehotel.it\/wp-content\/uploads\/2021\/03\/Foto_Mosella_Sito.png\"\n  width=\"689\"\n  height=\"550\"\n  layout=\"responsive\"><\/amp-img><\/p>\n<div class=\"blue-box\">\n<amp-img src=\"https:\/\/www.mosellasuitehotel.it\/wp-content\/uploads\/2019\/03\/ondina-white.png\"\n  width=\"35\"\n  height=\"25\"><\/amp-img><br \/>\nI\u2019m an ambitious project where the protagonist is YOU. I want to make you feel more than at home, and pamper yourselves while letting you experience the luxury of exclusivity.\n<\/div>\n<div class=\"box\">\n<h2><amp-img src=\"https:\/\/www.mosellasuitehotel.it\/wp-content\/uploads\/2021\/03\/003-door-knob.png\"\n  width=\"50\"\n  height=\"50\"><\/amp-img>DREAM<\/h2>\n<p>The combination of comfort in roomy brand-new apartments, or rather Suites, and the exclusive facilities of a hotel: this is what you will find.<\/p>\n<p>&nbsp;<br \/>\n<amp-img src=\"https:\/\/www.mosellasuitehotel.it\/wp-content\/uploads\/2019\/05\/banner-mosella-suite-hotel-Suite-Balcony-con-vista-vista-1.jpg\"\n  width=\"321\"\n  height=\"225\"\n  layout=\"responsive\"><\/amp-img><br \/>\n<a class=\"button\" href=\"\/en\/suite-rooms.html\">SUITE AND ROOMS<\/a>\n<\/div>\n<div class=\"box\">\n<h2><amp-img src=\"https:\/\/www.mosellasuitehotel.it\/wp-content\/uploads\/2019\/03\/bike-icon.png\"\n  width=\"50\"\n  height=\"50\"><\/amp-img>BE ALIVE<\/h2>\n<p>Sottomarina \u00e8 bagnata sia dal mare che dalla laguna ed \u00e8 famosa per le sue ampie spiagge dorate. Scopri la citt\u00e0 in sella alle nostre biciclette.<\/p>\n<p>&nbsp;<br \/>\n<amp-img src=\"https:\/\/www.mosellasuitehotel.it\/wp-content\/uploads\/2019\/03\/bike.png\"\n  width=\"321\"\n  height=\"225\"\n  layout=\"responsive\"><\/amp-img><br \/>\n<a class=\"button\" href=\"\/en\/services.html\">OUR SERVICES<\/a>\n<\/div>\n<div class=\"box\">\n<h2><amp-img src=\"https:\/\/www.mosellasuitehotel.it\/wp-content\/uploads\/2019\/03\/dogs-icon.png\"\n  width=\"50\"\n  height=\"50\"><\/amp-img>CUDDLES<\/h2>\n<p>Your 4-legged friends are welcome. We have whatever it takes to make them live a holiday of pure fun as with, for instance, our pet-friendly private beach, InDigaForDog.<\/p>\n<p>&nbsp;<br \/>\n<amp-img src=\"https:\/\/www.mosellasuitehotel.it\/wp-content\/uploads\/2019\/03\/dogs.png\"\n  width=\"321\"\n  height=\"225\"\n  layout=\"responsive\"><\/amp-img><br \/>\n<a class=\"button\" href=\"\/en\/services.html\">OUR SERVICES<\/a>\n<\/div>\n","amp_banner":[{"ID":5150,"id":5150,"title":"mosella-suite-hotel-Suite-Balcony-con-vista-vista-1","filename":"mosella-suite-hotel-Suite-Balcony-con-vista-vista-1-2.jpg","filesize":14056,"url":"https:\/\/www.mosellasuitehotel.it\/wp-content\/uploads\/2019\/05\/mosella-suite-hotel-Suite-Balcony-con-vista-vista-1-2.jpg","link":"https:\/\/www.mosellasuitehotel.it\/en\/home\/mosella-suite-hotel-suite-balcony-con-vista-vista-1-4\/","alt":"","author":"24","description":"","caption":"","name":"mosella-suite-hotel-suite-balcony-con-vista-vista-1-4","status":"inherit","uploaded_to":2,"date":"2019-05-13 11:00:20","modified":"2019-05-13 11:00:22","menu_order":0,"mime_type":"image\/jpeg","type":"image","subtype":"jpeg","icon":"https:\/\/www.mosellasuitehotel.it\/wp-includes\/images\/media\/default.png","width":375,"height":200,"sizes":{"thumbnail":"https:\/\/www.mosellasuitehotel.it\/wp-content\/uploads\/2019\/05\/mosella-suite-hotel-Suite-Balcony-con-vista-vista-1-2-150x150.jpg","thumbnail-width":150,"thumbnail-height":150,"medium":"https:\/\/www.mosellasuitehotel.it\/wp-content\/uploads\/2019\/05\/mosella-suite-hotel-Suite-Balcony-con-vista-vista-1-2-300x160.jpg","medium-width":300,"medium-height":160,"medium_large":"https:\/\/www.mosellasuitehotel.it\/wp-content\/uploads\/2019\/05\/mosella-suite-hotel-Suite-Balcony-con-vista-vista-1-2.jpg","medium_large-width":375,"medium_large-height":200,"large":"https:\/\/www.mosellasuitehotel.it\/wp-content\/uploads\/2019\/05\/mosella-suite-hotel-Suite-Balcony-con-vista-vista-1-2.jpg","large-width":375,"large-height":200,"1536x1536":"https:\/\/www.mosellasuitehotel.it\/wp-content\/uploads\/2019\/05\/mosella-suite-hotel-Suite-Balcony-con-vista-vista-1-2.jpg","1536x1536-width":375,"1536x1536-height":200,"2048x2048":"https:\/\/www.mosellasuitehotel.it\/wp-content\/uploads\/2019\/05\/mosella-suite-hotel-Suite-Balcony-con-vista-vista-1-2.jpg","2048x2048-width":375,"2048x2048-height":200,"post-thumbnail":"https:\/\/www.mosellasuitehotel.it\/wp-content\/uploads\/2019\/05\/mosella-suite-hotel-Suite-Balcony-con-vista-vista-1-2.jpg","post-thumbnail-width":375,"post-thumbnail-height":200}}],"amp_seo_title":"Official website | Mosella Suite Hotel","amp_seo_description":"(Italiano) Voglio farti sentire pi\u00f9 che a casa, coccolarti e farti provare il lusso dell\u2019esclusivit\u00e0: sono il Mosella Suite Hotel a Sottomarina di Chioggia","amp_seo_keywords":"","enable_custom_gallery":false},"yoast_head":"<!-- This site is optimized with the Yoast SEO plugin v26.0 - https:\/\/yoast.com\/wordpress\/plugins\/seo\/ -->\n<title>Official website | Mosella Suite Hotel<\/title>\n<meta name=\"description\" content=\"The combination of comfort in roomy brand-new apartaments or Suites, and the exclusive facilities of a hotel: Mosella, the first suite hotel in Sottomarina\" \/>\n<meta name=\"robots\" content=\"index, follow, max-snippet:-1, max-image-preview:large, max-video-preview:-1\" \/>\n<link rel=\"canonical\" href=\"https:\/\/www.mosellasuitehotel.it\/en\/\" \/>\n<meta property=\"og:locale\" content=\"en_US\" \/>\n<meta property=\"og:type\" content=\"article\" \/>\n<meta property=\"og:title\" content=\"Official website | Mosella Suite Hotel\" \/>\n<meta property=\"og:description\" content=\"The combination of comfort in roomy brand-new apartaments or Suites, and the exclusive facilities of a hotel: Mosella, the first suite hotel in Sottomarina\" \/>\n<meta property=\"og:url\" content=\"https:\/\/www.mosellasuitehotel.it\/en\/\" \/>\n<meta property=\"og:site_name\" content=\"Mosella Suite Hotel\" \/>\n<meta property=\"article:modified_time\" content=\"2025-10-06T13:26:24+00:00\" \/>\n<meta property=\"og:image\" content=\"https:\/\/www.mosellasuitehotel.it\/wp-content\/uploads\/2021\/03\/003-door-knob.png\" \/>\n<meta name=\"twitter:card\" content=\"summary_large_image\" \/>\n<meta name=\"twitter:label1\" content=\"Est. reading time\" \/>\n\t<meta name=\"twitter:data1\" content=\"2 minutes\" \/>\n<script type=\"application\/ld+json\" class=\"yoast-schema-graph\">{\"@context\":\"https:\/\/schema.org\",\"@graph\":[{\"@type\":\"WebPage\",\"@id\":\"https:\/\/www.mosellasuitehotel.it\/en\/\",\"url\":\"https:\/\/www.mosellasuitehotel.it\/en\/\",\"name\":\"Official website | Mosella Suite Hotel\",\"isPartOf\":{\"@id\":\"https:\/\/www.mosellasuitehotel.it\/en\/#website\"},\"primaryImageOfPage\":{\"@id\":\"https:\/\/www.mosellasuitehotel.it\/en\/#primaryimage\"},\"image\":{\"@id\":\"https:\/\/www.mosellasuitehotel.it\/it\/#primaryimage\"},\"thumbnailUrl\":\"https:\/\/www.mosellasuitehotel.it\/wp-content\/uploads\/2021\/03\/003-door-knob.png\",\"datePublished\":\"2016-11-03T15:24:16+00:00\",\"dateModified\":\"2025-10-06T13:26:24+00:00\",\"description\":\"The combination of comfort in roomy brand-new apartaments or Suites, and the exclusive facilities of a hotel: Mosella, the first suite hotel in Sottomarina\",\"breadcrumb\":{\"@id\":\"https:\/\/www.mosellasuitehotel.it\/en\/#breadcrumb\"},\"inLanguage\":\"en-US\",\"potentialAction\":[{\"@type\":\"ReadAction\",\"target\":[[\"https:\/\/www.mosellasuitehotel.it\/en\/\"]]}]},{\"@type\":\"ImageObject\",\"inLanguage\":\"en-US\",\"@id\":\"https:\/\/www.mosellasuitehotel.it\/en\/#primaryimage\",\"url\":\"https:\/\/www.mosellasuitehotel.it\/wp-content\/uploads\/2021\/03\/003-door-knob.png\",\"contentUrl\":\"https:\/\/www.mosellasuitehotel.it\/wp-content\/uploads\/2021\/03\/003-door-knob.png\"},{\"@type\":\"BreadcrumbList\",\"@id\":\"https:\/\/www.mosellasuitehotel.it\/en\/#breadcrumb\",\"itemListElement\":[{\"@type\":\"ListItem\",\"position\":1,\"name\":\"Home\",\"item\":\"https:\/\/www.mosellasuitehotel.it\/en\/\"},{\"@type\":\"ListItem\",\"position\":2,\"name\":\"Home\"}]},{\"@type\":\"WebSite\",\"@id\":\"https:\/\/www.mosellasuitehotel.it\/en\/#website\",\"url\":\"https:\/\/www.mosellasuitehotel.it\/en\/\",\"name\":\"Mosella Suite Hotel\",\"description\":\"Sottomarina di Chioggia - Venice\",\"potentialAction\":[{\"@type\":\"SearchAction\",\"target\":{\"@type\":\"EntryPoint\",\"urlTemplate\":\"https:\/\/www.mosellasuitehotel.it\/en\/?s={search_term_string}\"},\"query-input\":{\"@type\":\"PropertyValueSpecification\",\"valueRequired\":true,\"valueName\":\"search_term_string\"}}],\"inLanguage\":\"en-US\"}]}<\/script>\n<!-- \/ Yoast SEO plugin. -->","yoast_head_json":{"title":"Official website | Mosella Suite Hotel","description":"The combination of comfort in roomy brand-new apartaments or Suites, and the exclusive facilities of a hotel: Mosella, the first suite hotel in Sottomarina","robots":{"index":"index","follow":"follow","max-snippet":"max-snippet:-1","max-image-preview":"max-image-preview:large","max-video-preview":"max-video-preview:-1"},"canonical":"https:\/\/www.mosellasuitehotel.it\/en\/","og_locale":"en_US","og_type":"article","og_title":"Official website | Mosella Suite Hotel","og_description":"The combination of comfort in roomy brand-new apartaments or Suites, and the exclusive facilities of a hotel: Mosella, the first suite hotel in Sottomarina","og_url":"https:\/\/www.mosellasuitehotel.it\/en\/","og_site_name":"Mosella Suite Hotel","article_modified_time":"2025-10-06T13:26:24+00:00","og_image":[{"url":"https:\/\/www.mosellasuitehotel.it\/wp-content\/uploads\/2021\/03\/003-door-knob.png","type":"","width":"","height":""}],"twitter_card":"summary_large_image","twitter_misc":{"Est. reading time":"2 minutes"},"schema":{"@context":"https:\/\/schema.org","@graph":[{"@type":"WebPage","@id":"https:\/\/www.mosellasuitehotel.it\/en\/","url":"https:\/\/www.mosellasuitehotel.it\/en\/","name":"Official website | Mosella Suite Hotel","isPartOf":{"@id":"https:\/\/www.mosellasuitehotel.it\/en\/#website"},"primaryImageOfPage":{"@id":"https:\/\/www.mosellasuitehotel.it\/en\/#primaryimage"},"image":{"@id":"https:\/\/www.mosellasuitehotel.it\/it\/#primaryimage"},"thumbnailUrl":"https:\/\/www.mosellasuitehotel.it\/wp-content\/uploads\/2021\/03\/003-door-knob.png","datePublished":"2016-11-03T15:24:16+00:00","dateModified":"2025-10-06T13:26:24+00:00","description":"The combination of comfort in roomy brand-new apartaments or Suites, and the exclusive facilities of a hotel: Mosella, the first suite hotel in Sottomarina","breadcrumb":{"@id":"https:\/\/www.mosellasuitehotel.it\/en\/#breadcrumb"},"inLanguage":"en-US","potentialAction":[{"@type":"ReadAction","target":[["https:\/\/www.mosellasuitehotel.it\/en\/"]]}]},{"@type":"ImageObject","inLanguage":"en-US","@id":"https:\/\/www.mosellasuitehotel.it\/en\/#primaryimage","url":"https:\/\/www.mosellasuitehotel.it\/wp-content\/uploads\/2021\/03\/003-door-knob.png","contentUrl":"https:\/\/www.mosellasuitehotel.it\/wp-content\/uploads\/2021\/03\/003-door-knob.png"},{"@type":"BreadcrumbList","@id":"https:\/\/www.mosellasuitehotel.it\/en\/#breadcrumb","itemListElement":[{"@type":"ListItem","position":1,"name":"Home","item":"https:\/\/www.mosellasuitehotel.it\/en\/"},{"@type":"ListItem","position":2,"name":"Home"}]},{"@type":"WebSite","@id":"https:\/\/www.mosellasuitehotel.it\/en\/#website","url":"https:\/\/www.mosellasuitehotel.it\/en\/","name":"Mosella Suite Hotel","description":"Sottomarina di Chioggia - Venice","potentialAction":[{"@type":"SearchAction","target":{"@type":"EntryPoint","urlTemplate":"https:\/\/www.mosellasuitehotel.it\/en\/?s={search_term_string}"},"query-input":{"@type":"PropertyValueSpecification","valueRequired":true,"valueName":"search_term_string"}}],"inLanguage":"en-US"}]}},"_links":{"self":[{"href":"https:\/\/www.mosellasuitehotel.it\/en\/wp-json\/wp\/v2\/pages\/2","targetHints":{"allow":["GET"]}}],"collection":[{"href":"https:\/\/www.mosellasuitehotel.it\/en\/wp-json\/wp\/v2\/pages"}],"about":[{"href":"https:\/\/www.mosellasuitehotel.it\/en\/wp-json\/wp\/v2\/types\/page"}],"author":[{"embeddable":true,"href":"https:\/\/www.mosellasuitehotel.it\/en\/wp-json\/wp\/v2\/users\/24"}],"replies":[{"embeddable":true,"href":"https:\/\/www.mosellasuitehotel.it\/en\/wp-json\/wp\/v2\/comments?post=2"}],"version-history":[{"count":9,"href":"https:\/\/www.mosellasuitehotel.it\/en\/wp-json\/wp\/v2\/pages\/2\/revisions"}],"predecessor-version":[{"id":5986,"href":"https:\/\/www.mosellasuitehotel.it\/en\/wp-json\/wp\/v2\/pages\/2\/revisions\/5986"}],"wp:attachment":[{"href":"https:\/\/www.mosellasuitehotel.it\/en\/wp-json\/wp\/v2\/media?parent=2"}],"curies":[{"name":"wp","href":"https:\/\/api.w.org\/{rel}","templated":true}]}}