{"id":2,"date":"2016-11-03T16:24:16","date_gmt":"2016-11-03T15:24:16","guid":{"rendered":"http:\/\/holidaytorbole.it\/?page_id=2"},"modified":"2025-10-06T15:26:24","modified_gmt":"2025-10-06T13:26:24","slug":"home","status":"publish","type":"page","link":"https:\/\/www.mosellasuitehotel.it\/de\/","title":{"rendered":"Home"},"content":{"rendered":"<div class=\"wpb-content-wrapper\">[vc_row full_width=&#8220;stretch_row&#8220; css_animation=&#8220;bounceInUp&#8220; el_class=&#8220;container&#8220; el_id=&#8220;first-row&#8220;][vc_column width=&#8220;1\/3&#8243;][vc_column_text css_animation=&#8220;slideInLeft&#8220;]\r\n<h1><span lang=\"DE\">HALLO, DARF ICH MICH VORSTELLEN? MOSELLA,<\/span><\/h1>\r\n<h2><span lang=\"DE\">DAS ERSTE \u201eSUITE HOTEL\u201c IN SOTTOMARINA. <\/span><\/h2>\r\n[\/vc_column_text][\/vc_column][vc_column css_animation=&#8220;slideInRight&#8220; width=&#8220;2\/3&#8243;][vc_single_image image=&#8220;5506&#8243; img_size=&#8220;full&#8220; css_animation=&#8220;slideInRight&#8220;][\/vc_column][\/vc_row][vc_row full_width=&#8220;stretch_row_content_no_spaces&#8220; el_id=&#8220;three-columns&#8220; el_class=&#8220;container&#8220; css=&#8220;.vc_custom_1553527539129{background-image: url(https:\/\/www.mosellasuitehotel.it\/wp-content\/uploads\/2019\/03\/waves.png?id=4715) !important;}&#8220;][vc_column width=&#8220;1\/3&#8243; el_class=&#8220;first-column&#8220;][vc_column_text css_animation=&#8220;slideInLeft&#8220;]\r\n<h2><img loading=\"lazy\" decoding=\"async\" class=\"alignnone size-full wp-image-5515\" src=\"https:\/\/www.mosellasuitehotel.it\/wp-content\/uploads\/2021\/03\/003-door-knob.png\" alt=\"\" width=\"64\" height=\"64\" \/><\/h2>\r\n<h2>LEBEN<\/h2>\r\n<div><span lang=\"DE\">Hier finden Sie den Komfort und die Ger\u00e4umigkeit brandneuer Appartements, oder besser gesagt <em>Suiten<\/em>, mit den <em>exklusiven Dienstleistungen<\/em> eines Hotels.<\/span><\/div>\r\n[\/vc_column_text][vc_column_text]<a class=\"btn-blue\" href=\"\/de\/suiten-und-zimmer\/\">ENTDECKEN<\/a>[\/vc_column_text][vc_single_image image=&#8220;5446&#8243; img_size=&#8220;full&#8220; alignment=&#8220;center&#8220; onclick=&#8220;custom_link&#8220; css_animation=&#8220;bounceInLeft&#8220; el_class=&#8220;image&#8220; link=&#8220;\/de\/suiten-und-zimmer\/&#8220;][\/vc_column][vc_column width=&#8220;1\/3&#8243; el_class=&#8220;second-column&#8220;][vc_column_text css_animation=&#8220;slideInUp&#8220;]\r\n<h2><img loading=\"lazy\" decoding=\"async\" class=\"alignnone size-full wp-image-5513\" src=\"https:\/\/www.mosellasuitehotel.it\/wp-content\/uploads\/2021\/03\/002-seafood.png\" alt=\"\" width=\"64\" height=\"64\" \/><\/h2>\r\n<h2>GENIESSEN<\/h2>\r\nTradition, Leidenschaft, Evolution.\r\n\r\nF\u00fcr ein wahres Genusserlebnis![\/vc_column_text][vc_column_text]<a class=\"btn-blue\" href=\"https:\/\/module.lafourchette.com\/de_DE\/module\/567427-0b17b#\/3571849\/dhp\">RESERVIEREN<\/a>[\/vc_column_text][vc_single_image image=&#8220;5483&#8243; img_size=&#8220;full&#8220; alignment=&#8220;center&#8220; onclick=&#8220;custom_link&#8220; css_animation=&#8220;bounceInDown&#8220; el_class=&#8220;image&#8220; link=&#8220;https:\/\/module.lafourchette.com\/de_DE\/module\/567427-0b17b#\/3571849\/dhp&#8220;][\/vc_column][vc_column width=&#8220;1\/3&#8243; el_class=&#8220;third-column&#8220;][vc_column_text css_animation=&#8220;slideInRight&#8220;]\r\n<h2><img loading=\"lazy\" decoding=\"async\" class=\"alignnone size-full wp-image-5514\" src=\"https:\/\/www.mosellasuitehotel.it\/wp-content\/uploads\/2021\/03\/001-pet-care.png\" alt=\"\" width=\"64\" height=\"64\" \/><\/h2>\r\n<h2>PET-FRIENDLY<\/h2>\r\n<div><span lang=\"DE\">Ihre vierbeinigen Freunde sind willkommen. <\/span>Entdecken Sie unseren haustierfreundlich ausgestatteten Strand\u00a0<em>InDiga For Dog<\/em>.<\/div>\r\n[\/vc_column_text][vc_column_text]<a class=\"btn-blue\" href=\"\/de\/leistungen\/\">LEISTUNGEN<\/a>[\/vc_column_text][vc_single_image image=&#8220;5509&#8243; img_size=&#8220;full&#8220; alignment=&#8220;center&#8220; onclick=&#8220;custom_link&#8220; css_animation=&#8220;bounceInRight&#8220; el_class=&#8220;image&#8220; link=&#8220;\/de\/leistungen\/&#8220;][\/vc_column][\/vc_row][vc_row full_width=&#8220;stretch_row&#8220; el_id=&#8220;map-row&#8220; el_class=&#8220;container&#8220;][vc_column][vc_single_image image=&#8220;4717&#8243; img_size=&#8220;full&#8220; alignment=&#8220;center&#8220; onclick=&#8220;custom_link&#8220; link=&#8220;\/de\/kontakte\/&#8220;][vc_column_text el_class=&#8220;text&#8220;]\r\n<h2>Zwischen Meer und Lagune<\/h2>\r\n<a class=\"btn-blue\" href=\"\/de\/kontakte\/\">UNSER STANDORT<\/a>[\/vc_column_text][\/vc_column][\/vc_row]<\/div>","protected":false},"excerpt":{"rendered":"[vc_row full_width=&#8220;stretch_row&#8220; css_animation=&#8220;bounceInUp&#8220; el_class=&#8220;container&#8220; el_id=&#8220;first-row&#8220;][vc_column width=&#8220;1\/3&#8243;][vc_column_text css_animation=&#8220;slideInLeft&#8220;] HALLO, DARF ICH MICH VORSTELLEN? MOSELLA, DAS ERSTE \u201eSUITE HOTEL\u201c IN SOTTOMARINA. [\/vc_column_text][\/vc_column][vc_column css_animation=&#8220;slideInRight&#8220; width=&#8220;2\/3&#8243;][vc_single_image image=&#8220;5506&#8243; img_size=&#8220;full&#8220; css_animation=&#8220;slideInRight&#8220;][\/vc_column][\/vc_row][vc_row full_width=&#8220;stretch_row_content_no_spaces&#8220; el_id=&#8220;three-columns&#8220; el_class=&#8220;container&#8220; css=&#8220;.vc_custom_1553527539129{background-image: url(https:\/\/www.mosellasuitehotel.it\/wp-content\/uploads\/2019\/03\/waves.png?id=4715) !important;}&#8220;][vc_column width=&#8220;1\/3&#8243; el_class=&#8220;first-column&#8220;][vc_column_text css_animation=&#8220;slideInLeft&#8220;] LEBEN Hier finden Sie den Komfort und die Ger\u00e4umigkeit brandneuer Appartements, oder besser gesagt Suiten, mit den exklusiven Dienstleistungen eines Hotels. [&hellip;]","protected":false},"author":24,"featured_media":0,"parent":0,"menu_order":0,"comment_status":"closed","ping_status":"open","template":"","meta":{"_acf_changed":false,"footnotes":""},"class_list":["post-2","page","type-page","status-publish","hentry"],"acf":{"amp_link":"https:\/\/m.mosellasuitehotel.it\/de\/index.html","amp_title":"HALLO, DARF ICH MICH VORSTELLEN? MOSELLA,","amp_content":"<h2>DAS ERSTE \u201eSUITE HOTEL\u201c IN SOTTOMARINA<\/h2>\n<p>&nbsp;<br \/>\n<amp-img src=\"https:\/\/www.mosellasuitehotel.it\/wp-content\/uploads\/2021\/03\/Foto_Mosella_Sito.png\"\n  width=\"689\"\n  height=\"550\"\n  layout=\"responsive\"><\/amp-img><\/p>\n<div class=\"blue-box\">\n<amp-img src=\"https:\/\/www.mosellasuitehotel.it\/wp-content\/uploads\/2019\/03\/ondina-white.png\"\n  width=\"35\"\n  height=\"25\"><\/amp-img><br \/>\n  Ich bin ein ehrgeiziges Projekt, in dem SIE der Protagonist sind. Ich m\u00f6chte, dass Sie sich mehr als nur wie zu Hause f\u00fchlen, Sie verw\u00f6hnen und Ihnen den Luxus der Exklusivit\u00e4t vermitteln.\n<\/div>\n<div class=\"box\">\n<h2><amp-img src=\"https:\/\/www.mosellasuitehotel.it\/wp-content\/uploads\/2021\/03\/003-door-knob.png\"\n  width=\"50\"\n  height=\"50\"><\/amp-img>LEBEN<\/h2>\n<p>Hier finden Sie den Komfort und die Ger\u00e4umigkeit brandneuer Appartements, oder besser gesagt Suiten, mit den exklusiven Dienstleistungen eines Hotels.<\/p>\n<p>&nbsp;<br \/>\n<amp-img src=\"https:\/\/www.mosellasuitehotel.it\/wp-content\/uploads\/2019\/05\/banner-mosella-suite-hotel-Suite-Balcony-con-vista-vista-1.jpg\"\n  width=\"321\"\n  height=\"225\"\n  layout=\"responsive\"><\/amp-img><br \/>\n<a class=\"button\" href=\"\/de\/zimmer.html\">SUITEN UND ZIMMER<\/a>\n<\/div>\n<div class=\"box\">\n<h2><amp-img src=\"https:\/\/www.mosellasuitehotel.it\/wp-content\/uploads\/2019\/03\/bike-icon.png\"\n  width=\"50\"\n  height=\"50\"><\/amp-img>LEBEN<\/h2>\n<p>Sottomarina wird vom Meer und von der Lagune umsp\u00fclt und ist ber\u00fchmt f\u00fcr seine goldenen Sandstr\u00e4nde. Erkunden Sie die Stadt im Sattel unserer Fahrr\u00e4der.<\/p>\n<p>&nbsp;<br \/>\n<amp-img src=\"https:\/\/www.mosellasuitehotel.it\/wp-content\/uploads\/2019\/03\/bike.png\"\n  width=\"321\"\n  height=\"225\"\n  layout=\"responsive\"><\/amp-img><br \/>\n<a class=\"button\" href=\"\/de\/dienstleistungen.html\">UNSERE LEISTUNGEN<\/a>\n<\/div>\n<div class=\"box\">\n<h2><amp-img src=\"https:\/\/www.mosellasuitehotel.it\/wp-content\/uploads\/2019\/03\/dogs-icon.png\"\n  width=\"50\"\n  height=\"50\"><\/amp-img>VERW\u00d6HNEINHEITEN<\/h2>\n<p>Ihre vierbeinigen Freunde sind willkommen. Entdecken Sie unseren haustierfreundlichen Strand InDiga For Dog.<\/p>\n<p>&nbsp;<br \/>\n<amp-img src=\"https:\/\/www.mosellasuitehotel.it\/wp-content\/uploads\/2019\/03\/dogs.png\"\n  width=\"321\"\n  height=\"225\"\n  layout=\"responsive\"><\/amp-img><br \/>\n<a class=\"button\" href=\"\/de\/dienstleistungen.html\">UNSERE LEISTUNGEN<\/a>\n<\/div>\n","amp_banner":[{"ID":5150,"id":5150,"title":"mosella-suite-hotel-Suite-Balcony-con-vista-vista-1","filename":"mosella-suite-hotel-Suite-Balcony-con-vista-vista-1-2.jpg","filesize":14056,"url":"https:\/\/www.mosellasuitehotel.it\/wp-content\/uploads\/2019\/05\/mosella-suite-hotel-Suite-Balcony-con-vista-vista-1-2.jpg","link":"https:\/\/www.mosellasuitehotel.it\/de\/home\/mosella-suite-hotel-suite-balcony-con-vista-vista-1-4\/","alt":"","author":"24","description":"","caption":"","name":"mosella-suite-hotel-suite-balcony-con-vista-vista-1-4","status":"inherit","uploaded_to":2,"date":"2019-05-13 11:00:20","modified":"2019-05-13 11:00:22","menu_order":0,"mime_type":"image\/jpeg","type":"image","subtype":"jpeg","icon":"https:\/\/www.mosellasuitehotel.it\/wp-includes\/images\/media\/default.png","width":375,"height":200,"sizes":{"thumbnail":"https:\/\/www.mosellasuitehotel.it\/wp-content\/uploads\/2019\/05\/mosella-suite-hotel-Suite-Balcony-con-vista-vista-1-2-150x150.jpg","thumbnail-width":150,"thumbnail-height":150,"medium":"https:\/\/www.mosellasuitehotel.it\/wp-content\/uploads\/2019\/05\/mosella-suite-hotel-Suite-Balcony-con-vista-vista-1-2-300x160.jpg","medium-width":300,"medium-height":160,"medium_large":"https:\/\/www.mosellasuitehotel.it\/wp-content\/uploads\/2019\/05\/mosella-suite-hotel-Suite-Balcony-con-vista-vista-1-2.jpg","medium_large-width":375,"medium_large-height":200,"large":"https:\/\/www.mosellasuitehotel.it\/wp-content\/uploads\/2019\/05\/mosella-suite-hotel-Suite-Balcony-con-vista-vista-1-2.jpg","large-width":375,"large-height":200,"1536x1536":"https:\/\/www.mosellasuitehotel.it\/wp-content\/uploads\/2019\/05\/mosella-suite-hotel-Suite-Balcony-con-vista-vista-1-2.jpg","1536x1536-width":375,"1536x1536-height":200,"2048x2048":"https:\/\/www.mosellasuitehotel.it\/wp-content\/uploads\/2019\/05\/mosella-suite-hotel-Suite-Balcony-con-vista-vista-1-2.jpg","2048x2048-width":375,"2048x2048-height":200,"post-thumbnail":"https:\/\/www.mosellasuitehotel.it\/wp-content\/uploads\/2019\/05\/mosella-suite-hotel-Suite-Balcony-con-vista-vista-1-2.jpg","post-thumbnail-width":375,"post-thumbnail-height":200}}],"amp_seo_title":"Official website | Mosella Suite Hotel","amp_seo_description":"(Italiano) Voglio farti sentire pi\u00f9 che a casa, coccolarti e farti provare il lusso dell\u2019esclusivit\u00e0: sono il Mosella Suite Hotel a Sottomarina di Chioggia","amp_seo_keywords":"","enable_custom_gallery":false},"yoast_head":"<!-- This site is optimized with the Yoast SEO plugin v26.0 - https:\/\/yoast.com\/wordpress\/plugins\/seo\/ -->\n<title>Offizielle Webseite | Mosella suite hotel Sottomarina di Chioggia - Venedig<\/title>\n<meta name=\"description\" content=\"Ich m\u00f6chte, dass Sie sich mehr als nur wie zu Hause f\u00fchlen, Sie verw\u00f6hnen und Ihnen den Luxus der Exklusivit\u00e4t vermitteln. Ich bin Mosella Suite Hotel in Sottomarina di Chioggia\" \/>\n<meta name=\"robots\" content=\"index, follow, max-snippet:-1, max-image-preview:large, max-video-preview:-1\" \/>\n<link rel=\"canonical\" href=\"https:\/\/www.mosellasuitehotel.it\/de\/\" \/>\n<meta property=\"og:locale\" content=\"de_DE\" \/>\n<meta property=\"og:type\" content=\"article\" \/>\n<meta property=\"og:title\" content=\"Offizielle Webseite | Mosella suite hotel Sottomarina di Chioggia - Venedig\" \/>\n<meta property=\"og:description\" content=\"Ich m\u00f6chte, dass Sie sich mehr als nur wie zu Hause f\u00fchlen, Sie verw\u00f6hnen und Ihnen den Luxus der Exklusivit\u00e4t vermitteln. Ich bin Mosella Suite Hotel in Sottomarina di Chioggia\" \/>\n<meta property=\"og:url\" content=\"https:\/\/www.mosellasuitehotel.it\/de\/\" \/>\n<meta property=\"og:site_name\" content=\"Mosella suite hotel\" \/>\n<meta property=\"article:modified_time\" content=\"2025-10-06T13:26:24+00:00\" \/>\n<meta property=\"og:image\" content=\"https:\/\/www.mosellasuitehotel.it\/wp-content\/uploads\/2021\/03\/003-door-knob.png\" \/>\n<meta name=\"twitter:card\" content=\"summary_large_image\" \/>\n<meta name=\"twitter:label1\" content=\"Gesch\u00e4tzte Lesezeit\" \/>\n\t<meta name=\"twitter:data1\" content=\"2\u00a0Minuten\" \/>\n<script type=\"application\/ld+json\" class=\"yoast-schema-graph\">{\"@context\":\"https:\/\/schema.org\",\"@graph\":[{\"@type\":\"WebPage\",\"@id\":\"https:\/\/www.mosellasuitehotel.it\/de\/\",\"url\":\"https:\/\/www.mosellasuitehotel.it\/de\/\",\"name\":\"Offizielle Webseite | Mosella suite hotel Sottomarina di Chioggia - Venedig\",\"isPartOf\":{\"@id\":\"https:\/\/www.mosellasuitehotel.it\/de\/#website\"},\"primaryImageOfPage\":{\"@id\":\"https:\/\/www.mosellasuitehotel.it\/de\/#primaryimage\"},\"image\":{\"@id\":\"https:\/\/www.mosellasuitehotel.it\/it\/#primaryimage\"},\"thumbnailUrl\":\"https:\/\/www.mosellasuitehotel.it\/wp-content\/uploads\/2021\/03\/003-door-knob.png\",\"datePublished\":\"2016-11-03T15:24:16+00:00\",\"dateModified\":\"2025-10-06T13:26:24+00:00\",\"description\":\"Ich m\u00f6chte, dass Sie sich mehr als nur wie zu Hause f\u00fchlen, Sie verw\u00f6hnen und Ihnen den Luxus der Exklusivit\u00e4t vermitteln. Ich bin Mosella Suite Hotel in Sottomarina di Chioggia\",\"breadcrumb\":{\"@id\":\"https:\/\/www.mosellasuitehotel.it\/de\/#breadcrumb\"},\"inLanguage\":\"de\",\"potentialAction\":[{\"@type\":\"ReadAction\",\"target\":[[\"https:\/\/www.mosellasuitehotel.it\/de\/\"]]}]},{\"@type\":\"ImageObject\",\"inLanguage\":\"de\",\"@id\":\"https:\/\/www.mosellasuitehotel.it\/de\/#primaryimage\",\"url\":\"https:\/\/www.mosellasuitehotel.it\/wp-content\/uploads\/2021\/03\/003-door-knob.png\",\"contentUrl\":\"https:\/\/www.mosellasuitehotel.it\/wp-content\/uploads\/2021\/03\/003-door-knob.png\"},{\"@type\":\"BreadcrumbList\",\"@id\":\"https:\/\/www.mosellasuitehotel.it\/de\/#breadcrumb\",\"itemListElement\":[{\"@type\":\"ListItem\",\"position\":1,\"name\":\"Home\",\"item\":\"https:\/\/www.mosellasuitehotel.it\/de\/\"},{\"@type\":\"ListItem\",\"position\":2,\"name\":\"Home\"}]},{\"@type\":\"WebSite\",\"@id\":\"https:\/\/www.mosellasuitehotel.it\/de\/#website\",\"url\":\"https:\/\/www.mosellasuitehotel.it\/de\/\",\"name\":\"Mosella suite hotel\",\"description\":\"Sottomarina di Chioggia - Venedig\",\"potentialAction\":[{\"@type\":\"SearchAction\",\"target\":{\"@type\":\"EntryPoint\",\"urlTemplate\":\"https:\/\/www.mosellasuitehotel.it\/de\/?s={search_term_string}\"},\"query-input\":{\"@type\":\"PropertyValueSpecification\",\"valueRequired\":true,\"valueName\":\"search_term_string\"}}],\"inLanguage\":\"de\"}]}<\/script>\n<!-- \/ Yoast SEO plugin. -->","yoast_head_json":{"title":"Offizielle Webseite | Mosella suite hotel Sottomarina di Chioggia - Venedig","description":"Ich m\u00f6chte, dass Sie sich mehr als nur wie zu Hause f\u00fchlen, Sie verw\u00f6hnen und Ihnen den Luxus der Exklusivit\u00e4t vermitteln. Ich bin Mosella Suite Hotel in Sottomarina di Chioggia","robots":{"index":"index","follow":"follow","max-snippet":"max-snippet:-1","max-image-preview":"max-image-preview:large","max-video-preview":"max-video-preview:-1"},"canonical":"https:\/\/www.mosellasuitehotel.it\/de\/","og_locale":"de_DE","og_type":"article","og_title":"Offizielle Webseite | Mosella suite hotel Sottomarina di Chioggia - Venedig","og_description":"Ich m\u00f6chte, dass Sie sich mehr als nur wie zu Hause f\u00fchlen, Sie verw\u00f6hnen und Ihnen den Luxus der Exklusivit\u00e4t vermitteln. Ich bin Mosella Suite Hotel in Sottomarina di Chioggia","og_url":"https:\/\/www.mosellasuitehotel.it\/de\/","og_site_name":"Mosella suite hotel","article_modified_time":"2025-10-06T13:26:24+00:00","og_image":[{"url":"https:\/\/www.mosellasuitehotel.it\/wp-content\/uploads\/2021\/03\/003-door-knob.png","type":"","width":"","height":""}],"twitter_card":"summary_large_image","twitter_misc":{"Gesch\u00e4tzte Lesezeit":"2\u00a0Minuten"},"schema":{"@context":"https:\/\/schema.org","@graph":[{"@type":"WebPage","@id":"https:\/\/www.mosellasuitehotel.it\/de\/","url":"https:\/\/www.mosellasuitehotel.it\/de\/","name":"Offizielle Webseite | Mosella suite hotel Sottomarina di Chioggia - Venedig","isPartOf":{"@id":"https:\/\/www.mosellasuitehotel.it\/de\/#website"},"primaryImageOfPage":{"@id":"https:\/\/www.mosellasuitehotel.it\/de\/#primaryimage"},"image":{"@id":"https:\/\/www.mosellasuitehotel.it\/it\/#primaryimage"},"thumbnailUrl":"https:\/\/www.mosellasuitehotel.it\/wp-content\/uploads\/2021\/03\/003-door-knob.png","datePublished":"2016-11-03T15:24:16+00:00","dateModified":"2025-10-06T13:26:24+00:00","description":"Ich m\u00f6chte, dass Sie sich mehr als nur wie zu Hause f\u00fchlen, Sie verw\u00f6hnen und Ihnen den Luxus der Exklusivit\u00e4t vermitteln. Ich bin Mosella Suite Hotel in Sottomarina di Chioggia","breadcrumb":{"@id":"https:\/\/www.mosellasuitehotel.it\/de\/#breadcrumb"},"inLanguage":"de","potentialAction":[{"@type":"ReadAction","target":[["https:\/\/www.mosellasuitehotel.it\/de\/"]]}]},{"@type":"ImageObject","inLanguage":"de","@id":"https:\/\/www.mosellasuitehotel.it\/de\/#primaryimage","url":"https:\/\/www.mosellasuitehotel.it\/wp-content\/uploads\/2021\/03\/003-door-knob.png","contentUrl":"https:\/\/www.mosellasuitehotel.it\/wp-content\/uploads\/2021\/03\/003-door-knob.png"},{"@type":"BreadcrumbList","@id":"https:\/\/www.mosellasuitehotel.it\/de\/#breadcrumb","itemListElement":[{"@type":"ListItem","position":1,"name":"Home","item":"https:\/\/www.mosellasuitehotel.it\/de\/"},{"@type":"ListItem","position":2,"name":"Home"}]},{"@type":"WebSite","@id":"https:\/\/www.mosellasuitehotel.it\/de\/#website","url":"https:\/\/www.mosellasuitehotel.it\/de\/","name":"Mosella suite hotel","description":"Sottomarina di Chioggia - Venedig","potentialAction":[{"@type":"SearchAction","target":{"@type":"EntryPoint","urlTemplate":"https:\/\/www.mosellasuitehotel.it\/de\/?s={search_term_string}"},"query-input":{"@type":"PropertyValueSpecification","valueRequired":true,"valueName":"search_term_string"}}],"inLanguage":"de"}]}},"_links":{"self":[{"href":"https:\/\/www.mosellasuitehotel.it\/de\/wp-json\/wp\/v2\/pages\/2","targetHints":{"allow":["GET"]}}],"collection":[{"href":"https:\/\/www.mosellasuitehotel.it\/de\/wp-json\/wp\/v2\/pages"}],"about":[{"href":"https:\/\/www.mosellasuitehotel.it\/de\/wp-json\/wp\/v2\/types\/page"}],"author":[{"embeddable":true,"href":"https:\/\/www.mosellasuitehotel.it\/de\/wp-json\/wp\/v2\/users\/24"}],"replies":[{"embeddable":true,"href":"https:\/\/www.mosellasuitehotel.it\/de\/wp-json\/wp\/v2\/comments?post=2"}],"version-history":[{"count":9,"href":"https:\/\/www.mosellasuitehotel.it\/de\/wp-json\/wp\/v2\/pages\/2\/revisions"}],"predecessor-version":[{"id":5986,"href":"https:\/\/www.mosellasuitehotel.it\/de\/wp-json\/wp\/v2\/pages\/2\/revisions\/5986"}],"wp:attachment":[{"href":"https:\/\/www.mosellasuitehotel.it\/de\/wp-json\/wp\/v2\/media?parent=2"}],"curies":[{"name":"wp","href":"https:\/\/api.w.org\/{rel}","templated":true}]}}