{"id":1172,"date":"2017-07-03T12:02:42","date_gmt":"2017-07-03T10:02:42","guid":{"rendered":"http:\/\/www.residenceprati.it\/it\/?page_id=1172"},"modified":"2022-06-10T10:00:34","modified_gmt":"2022-06-10T08:00:34","slug":"servizi","status":"publish","type":"page","link":"https:\/\/www.mosellasuitehotel.it\/de\/leistungen\/","title":{"rendered":"Leistungen"},"content":{"rendered":"<div class=\"wpb-content-wrapper\">[vc_row full_width=&#8220;stretch_row_content_no_spaces&#8220;][vc_column el_id=&#8220;fusionBtnBar&#8220;][vc_column_text][\/vc_column_text][\/vc_column][\/vc_row][vc_row full_width=&#8220;stretch_row&#8220; css=&#8220;.vc_custom_1553868193452{background-color: #f3eeec !important;}&#8220;][vc_column][vc_row_inner][vc_column_inner][vc_column_text css_animation=&#8220;bounceInUp&#8220;]\r\n<h1>Leistungen<\/h1>\r\n[\/vc_column_text][\/vc_column_inner][\/vc_row_inner][\/vc_column][\/vc_row][vc_row full_width=&#8220;stretch_row&#8220; css=&#8220;.vc_custom_1530881606008{margin-top: 30px !important;}&#8220;][vc_column css_animation=&#8220;slideInLeft&#8220; width=&#8220;2\/3&#8243;][vc_column_text css_animation=&#8220;slideInLeft&#8220; css=&#8220;.vc_custom_1633442715301{margin-top: 0px !important;border-top-width: 0px !important;padding-top: 0px !important;}&#8220;]\r\n<h3><img loading=\"lazy\" decoding=\"async\" class=\"alignnone size-full wp-image-5523\" src=\"https:\/\/www.mosellasuitehotel.it\/wp-content\/uploads\/2021\/03\/006-bacon.png\" alt=\"\" width=\"64\" height=\"64\" \/> HAUSGEMACHTES FR\u00dcHST\u00dcCK<\/h3>\r\nBeginnen Sie jeden Tag mit einem Genusserlebnis, Entspannung und einem Blick auf die Lagune.\u00a0Zahlreiche Angebote warten auf Sie, um Ihren Gaumen zu verw\u00f6hnen.\u00a0Was gibt es Besseres, als den Tag mit der richtigen Menge Koffein und Qualit\u00e4tsprodukten zu beginnen. &#x263a;\r\n<h3>Wer das Fr\u00fchst\u00fcck im Mosella Suite Hotel schon genossen hat &#8230;<\/h3>\r\n<div><span lang=\"DE\">\u201e&#8230; Exzellente Sauberkeit, ausgezeichnetes Fr\u00fchst\u00fcck mit s\u00fc\u00dfen und herzhaften Speisen, frischem Qualit\u00e4tsobst und dem entspannenden Pool, eine zu wiederholende Erfahrung \u2026\u201c\u00a0<\/span>(Booking.com)<\/div>\r\n[\/vc_column_text][\/vc_column][\/vc_row][vc_row full_width=&#8220;stretch_row&#8220; css=&#8220;.vc_custom_1557492722060{margin-top: 30px !important;background-color: #f3eeec !important;}&#8220;][vc_column css_animation=&#8220;bounceInLeft&#8220; width=&#8220;1\/2&#8243;][vc_column_text css=&#8220;.vc_custom_1633441443316{margin-top: 10px !important;border-top-width: 0px !important;padding-top: 0px !important;}&#8220;]\r\n<h3><img loading=\"lazy\" decoding=\"async\" class=\"alignnone size-full wp-image-5521\" src=\"https:\/\/www.mosellasuitehotel.it\/wp-content\/uploads\/2021\/03\/004-champagne-glass.png\" alt=\"\" width=\"64\" height=\"64\" \/>EVENTS UND BUSINESS<\/h3>\r\n<strong>Wir m\u00f6chten, dass Sie Spa\u00df an der Arbeit haben.\u00a0<\/strong>Deshalb bieten wir einen <strong>einzigartigen Raum<\/strong> f\u00fcr Firmentreffen, Schulungsveranstaltungen und Tagungen.Ein Ort, der sowohl die Konzentration als auch die Produktivit\u00e4t f\u00f6rdert.\r\n<div><span lang=\"DE\">Suchen Sie eine Location in Sottomarina <strong>f\u00fcr Ihre Feiern oder Veranstaltungen<\/strong>? Wie w\u00e4re es, Ihre <strong>Hochzeit<\/strong> bei uns zu feiern? \u00a0Es erwartet Sie ein <strong>ungew\u00f6hnlicher und origineller Ort<\/strong> f\u00fcr besondere Anl\u00e4sse. Unser Team ber\u00e4t Sie gerne zu allen Arten von Veranstaltungen.\u00a0<\/span><\/div>\r\n[\/vc_column_text][\/vc_column][vc_column css_animation=&#8220;slideInRight&#8220; width=&#8220;1\/2&#8243;][vc_column_text css_animation=&#8220;slideInRight&#8220; css=&#8220;.vc_custom_1633441429080{margin-top: 0px !important;border-top-width: 0px !important;padding-top: 0px !important;}&#8220;]\r\n<h3><img loading=\"lazy\" decoding=\"async\" class=\"alignnone size-full wp-image-5522\" src=\"https:\/\/www.mosellasuitehotel.it\/wp-content\/uploads\/2021\/03\/005-relax.png\" alt=\"\" width=\"64\" height=\"64\" \/>SCH\u00d6NHEITSZENTRUM<\/h3>\r\n<div><span lang=\"DE\"><strong>G\u00f6nnen Sie sich eine erholsame Auszeit<\/strong> und <strong>pflegen Sie Ihre Sch\u00f6nheit<\/strong> und Ihr Wohlbefinden. Moselle Beauty wartet schon auf Sie, um Sie zu verw\u00f6hnen. Buchen Sie hier:\u00a0<\/span>\u00a0<a href=\"mailto:info@mosellasuitehotel.it\">info@mosellasuitehotel.it<\/a>.<\/div>\r\n[\/vc_column_text][\/vc_column][\/vc_row][vc_row full_width=&#8220;stretch_row&#8220; css=&#8220;.vc_custom_1557492779463{margin-top: 30px !important;}&#8220;][vc_column css_animation=&#8220;slideInLeft&#8220; width=&#8220;1\/2&#8243;][vc_column_text css_animation=&#8220;slideInLeft&#8220; css=&#8220;.vc_custom_1633521136131{margin-top: 10px !important;border-top-width: 0px !important;padding-top: 0px !important;}&#8220;]\r\n<h3><img loading=\"lazy\" decoding=\"async\" class=\"alignnone size-full wp-image-5524\" src=\"https:\/\/www.mosellasuitehotel.it\/wp-content\/uploads\/2021\/03\/007-cycling.png\" alt=\"\" width=\"64\" height=\"64\" \/><strong>FAHRR\u00c4DER<\/strong><\/h3>\r\n<div><span lang=\"DE\">Man sagt, dass Radfahren gute Laune macht. M\u00f6chten <strong>Sie unsere Stadt entdecken und die Aussicht genie\u00dfen<\/strong>? Dann nutzen Sie unsere personalisierten Fahrr\u00e4der.\u00a0<\/span><\/div>\r\n<h3>G\u00e4ste \u00fcber das Mosella Suite Hotel &#8230;<\/h3>\r\n<div><span lang=\"DE\">\u201e&#8230; Es stehen hervorragende hoteleigene Fahrr\u00e4der zur Verf\u00fcgung, aber es gab zudem die M\u00f6glichkeit, mein Rad in einem kleinen Raum im Erdgeschoss f\u00fcr die Nacht abzustellen. \u2026\u201c\u00a0<\/span>(Booking.com)<\/div>\r\n[\/vc_column_text][\/vc_column][vc_column css_animation=&#8220;slideInRight&#8220; width=&#8220;1\/2&#8243;][vc_column_text css_animation=&#8220;slideInRight&#8220; css=&#8220;.vc_custom_1633521099125{margin-top: 10px !important;border-top-width: 0px !important;padding-top: 0px !important;}&#8220;]\r\n<h3><img loading=\"lazy\" decoding=\"async\" class=\"alignnone size-full wp-image-5525\" src=\"https:\/\/www.mosellasuitehotel.it\/wp-content\/uploads\/2021\/03\/008-dumbbell.png\" alt=\"\" width=\"64\" height=\"64\" \/> FITNESS EVERYWHERE<\/h3>\r\n<strong>Halten Sie sich auch im Urlaub gerne fit? Dann sind Sie bei uns genau richtig!<\/strong> Wir stellen Ihnen unseren <strong>Fitnessraum<\/strong> zur Verf\u00fcgung, damit Sie Ihr Trainingsprogramm fortsetzen k\u00f6nnen und nicht auf Ihre t\u00e4gliche Routine verzichten m\u00fcssen.[\/vc_column_text][\/vc_column][\/vc_row][vc_row full_width=&#8220;stretch_row&#8220; css=&#8220;.vc_custom_1557492785495{margin-top: 30px !important;background-color: #f3eeec !important;}&#8220;][vc_column css_animation=&#8220;slideInLeft&#8220; width=&#8220;1\/2&#8243;][vc_column_text css_animation=&#8220;slideInLeft&#8220; css=&#8220;.vc_custom_1633442749825{margin-top: 0px !important;border-top-width: 0px !important;padding-top: 0px !important;}&#8220;]\r\n<h3><img loading=\"lazy\" decoding=\"async\" class=\"alignnone size-full wp-image-5526\" src=\"https:\/\/www.mosellasuitehotel.it\/wp-content\/uploads\/2021\/03\/009-beach.png\" alt=\"\" width=\"64\" height=\"64\" \/><b><span lang=\"DE\">STRAND \u201eINDIGA\u201c<\/span><\/b><\/h3>\r\n<div><span lang=\"DE\">Unser <strong>Strand mit Bar und Panoramaterrasse<\/strong> ist umgeben von der <strong>nat\u00fcrlichen Sch\u00f6nheit des Deichs von Chioggia<\/strong>. InDiga ist die einzige f\u00fcr unsere <strong>vierbeinigen Freunde<\/strong> ausgestattete Badeanstalt in Sottomarina und bietet einen erstklassigen Service und viel Aufmerksamkeit.<\/span><\/div>\r\n[\/vc_column_text][\/vc_column][vc_column css_animation=&#8220;slideInRight&#8220; width=&#8220;1\/2&#8243;][vc_column_text css_animation=&#8220;slideInRight&#8220; css=&#8220;.vc_custom_1633521171426{margin-top: 0px !important;border-top-width: 0px !important;padding-top: 0px !important;}&#8220;]\r\n<h3><img loading=\"lazy\" decoding=\"async\" class=\"alignnone size-full wp-image-5514\" src=\"https:\/\/www.mosellasuitehotel.it\/wp-content\/uploads\/2021\/03\/001-pet-care.png\" alt=\"\" width=\"64\" height=\"64\" \/> PET-FRIENDLY<\/h3>\r\n<div><span lang=\"DE\"><strong>Ihre vierbeinigen Freunde sind willkommen.<\/strong> Wir haben alles, damit auch sie einen angenehmen und unterhaltsamen Urlaub verbringen, auch dank <strong>unseres haustierfreundlichen Strands InDiga For Dog<\/strong>.\u00a0<\/span><\/div>\r\n<a href=\"\/wp-content\/uploads\/2019\/05\/Regolamento-amici-4-zampe-italiano.pdf\">Zu den Regeln f\u00fcr Vierbeiner &gt;<\/a>[\/vc_column_text][\/vc_column][\/vc_row]<\/div>","protected":false},"excerpt":{"rendered":"[vc_row full_width=&#8220;stretch_row_content_no_spaces&#8220;][vc_column el_id=&#8220;fusionBtnBar&#8220;][vc_column_text][\/vc_column_text][\/vc_column][\/vc_row][vc_row full_width=&#8220;stretch_row&#8220; css=&#8220;.vc_custom_1553868193452{background-color: #f3eeec !important;}&#8220;][vc_column][vc_row_inner][vc_column_inner][vc_column_text css_animation=&#8220;bounceInUp&#8220;] Leistungen [\/vc_column_text][\/vc_column_inner][\/vc_row_inner][\/vc_column][\/vc_row][vc_row full_width=&#8220;stretch_row&#8220; css=&#8220;.vc_custom_1530881606008{margin-top: 30px !important;}&#8220;][vc_column css_animation=&#8220;slideInLeft&#8220; width=&#8220;2\/3&#8243;][vc_column_text css_animation=&#8220;slideInLeft&#8220; css=&#8220;.vc_custom_1633442715301{margin-top: 0px !important;border-top-width: 0px !important;padding-top: 0px !important;}&#8220;] HAUSGEMACHTES FR\u00dcHST\u00dcCK Beginnen Sie jeden Tag mit einem Genusserlebnis, Entspannung und einem Blick auf die Lagune.\u00a0Zahlreiche Angebote warten auf Sie, um Ihren Gaumen zu verw\u00f6hnen.\u00a0Was gibt es Besseres, als den Tag [&hellip;]","protected":false},"author":24,"featured_media":5530,"parent":0,"menu_order":0,"comment_status":"closed","ping_status":"closed","template":"","meta":{"_acf_changed":false,"footnotes":""},"class_list":["post-1172","page","type-page","status-publish","has-post-thumbnail","hentry"],"acf":{"enable_custom_gallery":false,"amp_title":"Leistungen","amp_content":"<h2>FR\u00dcHST\u00dcCK<\/h2>\n<p>Beginnen Sie jeden Tag mit einem Genusserlebnis, Entspannung und einem Blick auf die Lagune. Zahlreiche Angebote warten auf Sie, um Ihren Gaumen so richtig zu verw\u00f6hnen.<br \/>\nDenn was gibt es Besseres, als den Tag mit der richtigen Dosis Koffein und Qualit\u00e4tsprodukten zu beginnen.<\/p>\n<h3>Wer das Fr\u00fchst\u00fcck im Mosella Suite Hotel schon genossen hat \u2026<\/h3>\n<p><i>\u201eExzellente Sauberkeit, ausgezeichnetes Fr\u00fchst\u00fcck mit s\u00fc\u00dfen und herzhaften Speisen, frischem Qualit\u00e4tsobst und dem entspannenden Pool, eine zu wiederholende Erfahrung \u2026\u201c<\/i> (Booking.com)<\/p>\n<h2>EVENTS UND BUSINESS<\/h2>\n<p>Wir m\u00f6chten, dass Sie Spa\u00df an der Arbeit haben. Deshalb bieten wir einen <strong>einzigartigen Raum f\u00fcr Firmentreffen<\/strong>, Schulungsveranstaltungen und Tagungen. Ein Ort, der sowohl die Konzentration als auch die Produktivit\u00e4t f\u00f6rdert.<br \/>\nSuchen Sie eine<strong> Location in Sottomarina f\u00fcr<\/strong>Ihre Feiern <strong>oder Veranstaltungen<\/strong>? Wie w\u00e4re es, Ihre Hochzeit bei uns zu feiern? Es erwartet Sie<strong>ein ungew\u00f6hnlicher und origineller Ort f\u00fcr besondere Anl\u00e4sse<\/strong>. Unser Team ber\u00e4t Sie gerne zu allen Arten von Veranstaltungen.<\/p>\n<h2>SCH\u00d6NHEITSZENTRUM<\/h2>\n<p>G\u00f6nnen Sie sich <strong>eine erholsame Auszeit<\/strong> und pflegen Sie Ihre Sch\u00f6nheit und Ihr Wohlbefinden. <strong>Mosella Beauty<\/strong> Moselle Beauty wartet schon auf Sie, um Sie zu verw\u00f6hnen. Buchen Sie hier: <a href=\"mailto:info@mosellasuitehotel.it\">info@mosellasuitehotel.it<\/a>.<\/p>\n<h2>FITNESS EVERYWHERE<\/h2>\n<p>Halten Sie sich auch <strong>im Urlaub gerne fit<\/strong>? Dann sind Sie bei uns genau richtig! Wir stellen Ihnen unseren <strong>Fitnessraum<\/strong> zur Verf\u00fcgung, damit Sie Ihr Trainingsprogramm fortsetzen k\u00f6nnen und nicht auf Ihre t\u00e4gliche Routine verzichten m\u00fcssen.<\/p>\n<h2>FAHRR\u00c4DER VERF\u00dcGBAR<\/h2>\n<p>Man sagt, dass Radfahren gute Laune macht. M\u00f6chten Sie <strong>unsere Stadt entdecken und die Aussicht genie\u00dfen<\/strong>? Dann nutzen Sie unsere personalisierten Fahrr\u00e4der.<\/p>\n<h3>Direkt von G\u00e4sten des Mosella Suite Hotels \u2026<\/h3>\n<p><i>\u201e&#8230; Es stehen hervorragende hoteleigene Fahrr\u00e4der zur Verf\u00fcgung, aber es gab zudem die M\u00f6glichkeit, mein Rad in einem kleinen Raum im Erdgeschoss f\u00fcr die Nacht abzustellen. \u2026\u201c<\/i> (Booking.com)<\/p>\n<h2>STRAND \u201eInDiga\u201c<\/h2>\n<p>Unser <strong>Strand mit Bar und Panoramaterrasse<\/strong> ist umgeben von der nat\u00fcrlichen Sch\u00f6nheit des Deichs von Chioggia. ist die <strong>einzige f\u00fcr unsere vierbeinigen Freunde ausgestattete Badeanstalt<\/strong> in Sottomarina und bietet einen erstklassigen Service und viel Aufmerksamkeit.<\/p>\n<h2>PET-FRIENDLY<\/h2>\n<p><strong>Ihre vierbeinigen Freunde sind willkommen<\/strong>. Wir haben alles, damit auch sie einen angenehmen und unterhaltsamen Urlaub verbringen, auch dank unseres eigenen haustierfreundlichen Strands InDiga For Dog.<\/p>\n","amp_banner":[{"ID":5530,"id":5530,"title":"107385507_3353579388009312_3819776468479304029_o","filename":"107385507_3353579388009312_3819776468479304029_o.jpeg","filesize":112508,"url":"https:\/\/www.mosellasuitehotel.it\/wp-content\/uploads\/2021\/03\/107385507_3353579388009312_3819776468479304029_o.jpeg","link":"https:\/\/www.mosellasuitehotel.it\/de\/leistungen\/107385507_3353579388009312_3819776468479304029_o\/","alt":"","author":"26","description":"","caption":"","name":"107385507_3353579388009312_3819776468479304029_o","status":"inherit","uploaded_to":1172,"date":"2021-03-23 11:11:21","modified":"2021-03-23 11:11:38","menu_order":0,"mime_type":"image\/jpeg","type":"image","subtype":"jpeg","icon":"https:\/\/www.mosellasuitehotel.it\/wp-includes\/images\/media\/default.png","width":960,"height":1440,"sizes":{"thumbnail":"https:\/\/www.mosellasuitehotel.it\/wp-content\/uploads\/2021\/03\/107385507_3353579388009312_3819776468479304029_o-150x150.jpeg","thumbnail-width":150,"thumbnail-height":150,"medium":"https:\/\/www.mosellasuitehotel.it\/wp-content\/uploads\/2021\/03\/107385507_3353579388009312_3819776468479304029_o-200x300.jpeg","medium-width":200,"medium-height":300,"medium_large":"https:\/\/www.mosellasuitehotel.it\/wp-content\/uploads\/2021\/03\/107385507_3353579388009312_3819776468479304029_o-768x1152.jpeg","medium_large-width":604,"medium_large-height":906,"large":"https:\/\/www.mosellasuitehotel.it\/wp-content\/uploads\/2021\/03\/107385507_3353579388009312_3819776468479304029_o-683x1024.jpeg","large-width":604,"large-height":906,"1536x1536":"https:\/\/www.mosellasuitehotel.it\/wp-content\/uploads\/2021\/03\/107385507_3353579388009312_3819776468479304029_o.jpeg","1536x1536-width":960,"1536x1536-height":1440,"2048x2048":"https:\/\/www.mosellasuitehotel.it\/wp-content\/uploads\/2021\/03\/107385507_3353579388009312_3819776468479304029_o.jpeg","2048x2048-width":960,"2048x2048-height":1440,"post-thumbnail":"https:\/\/www.mosellasuitehotel.it\/wp-content\/uploads\/2021\/03\/107385507_3353579388009312_3819776468479304029_o-604x270.jpeg","post-thumbnail-width":604,"post-thumbnail-height":270}}],"amp_seo_title":"Leistungen | Mosella Suite Hotel - Venedig","amp_seo_description":"Entdecken Sie alle Leistungen des Mosella Suite Hotels in Venedig.","amp_seo_keywords":"","amp_link":"https:\/\/m.mosellasuitehotel.it\/de\/leistungen.html"},"yoast_head":"<!-- This site is optimized with the Yoast SEO plugin v26.0 - https:\/\/yoast.com\/wordpress\/plugins\/seo\/ -->\n<title>Leistungen | Mosella suite hotel Sottomarina di Chioggia - Venedig<\/title>\n<meta name=\"description\" content=\"Entdecken Sie alle Leistungen des Mosella Suite Hotels in Sottomarina, Venedig.\" \/>\n<meta name=\"robots\" content=\"index, follow, max-snippet:-1, max-image-preview:large, max-video-preview:-1\" \/>\n<link rel=\"canonical\" href=\"https:\/\/www.mosellasuitehotel.it\/de\/servizi\/\" \/>\n<meta property=\"og:locale\" content=\"de_DE\" \/>\n<meta property=\"og:type\" content=\"article\" \/>\n<meta property=\"og:title\" content=\"Leistungen | Mosella suite hotel Sottomarina di Chioggia - Venedig\" \/>\n<meta property=\"og:description\" content=\"Entdecken Sie alle Leistungen des Mosella Suite Hotels in Sottomarina, Venedig.\" \/>\n<meta property=\"og:url\" content=\"https:\/\/www.mosellasuitehotel.it\/de\/servizi\/\" \/>\n<meta property=\"og:site_name\" content=\"Mosella suite hotel\" \/>\n<meta property=\"article:modified_time\" content=\"2022-06-10T08:00:34+00:00\" \/>\n<meta property=\"og:image\" content=\"https:\/\/www.mosellasuitehotel.it\/wp-content\/uploads\/2021\/03\/107385507_3353579388009312_3819776468479304029_o.jpeg\" \/>\n\t<meta property=\"og:image:width\" content=\"960\" \/>\n\t<meta property=\"og:image:height\" content=\"1440\" \/>\n\t<meta property=\"og:image:type\" content=\"image\/jpeg\" \/>\n<meta name=\"twitter:card\" content=\"summary_large_image\" \/>\n<meta name=\"twitter:label1\" content=\"Gesch\u00e4tzte Lesezeit\" \/>\n\t<meta name=\"twitter:data1\" content=\"4\u00a0Minuten\" \/>\n<script type=\"application\/ld+json\" class=\"yoast-schema-graph\">{\"@context\":\"https:\/\/schema.org\",\"@graph\":[{\"@type\":\"WebPage\",\"@id\":\"https:\/\/www.mosellasuitehotel.it\/de\/servizi\/\",\"url\":\"https:\/\/www.mosellasuitehotel.it\/de\/servizi\/\",\"name\":\"Leistungen | Mosella suite hotel Sottomarina di Chioggia - Venedig\",\"isPartOf\":{\"@id\":\"https:\/\/www.mosellasuitehotel.it\/de\/#website\"},\"primaryImageOfPage\":{\"@id\":\"https:\/\/www.mosellasuitehotel.it\/de\/servizi\/#primaryimage\"},\"image\":{\"@id\":\"https:\/\/www.mosellasuitehotel.it\/it\/servizi\/#primaryimage\"},\"thumbnailUrl\":\"https:\/\/www.mosellasuitehotel.it\/wp-content\/uploads\/2021\/03\/107385507_3353579388009312_3819776468479304029_o.jpeg\",\"datePublished\":\"2017-07-03T10:02:42+00:00\",\"dateModified\":\"2022-06-10T08:00:34+00:00\",\"description\":\"Entdecken Sie alle Leistungen des Mosella Suite Hotels in Sottomarina, Venedig.\",\"breadcrumb\":{\"@id\":\"https:\/\/www.mosellasuitehotel.it\/de\/servizi\/#breadcrumb\"},\"inLanguage\":\"de\",\"potentialAction\":[{\"@type\":\"ReadAction\",\"target\":[[\"https:\/\/www.mosellasuitehotel.it\/de\/servizi\/\"]]}]},{\"@type\":\"ImageObject\",\"inLanguage\":\"de\",\"@id\":\"https:\/\/www.mosellasuitehotel.it\/de\/servizi\/#primaryimage\",\"url\":\"https:\/\/www.mosellasuitehotel.it\/wp-content\/uploads\/2021\/03\/107385507_3353579388009312_3819776468479304029_o.jpeg\",\"contentUrl\":\"https:\/\/www.mosellasuitehotel.it\/wp-content\/uploads\/2021\/03\/107385507_3353579388009312_3819776468479304029_o.jpeg\",\"width\":960,\"height\":1440},{\"@type\":\"BreadcrumbList\",\"@id\":\"https:\/\/www.mosellasuitehotel.it\/de\/servizi\/#breadcrumb\",\"itemListElement\":[{\"@type\":\"ListItem\",\"position\":1,\"name\":\"Home\",\"item\":\"https:\/\/www.mosellasuitehotel.it\/de\/\"},{\"@type\":\"ListItem\",\"position\":2,\"name\":\"Servizi\"}]},{\"@type\":\"WebSite\",\"@id\":\"https:\/\/www.mosellasuitehotel.it\/de\/#website\",\"url\":\"https:\/\/www.mosellasuitehotel.it\/de\/\",\"name\":\"Mosella suite hotel\",\"description\":\"Sottomarina di Chioggia - Venedig\",\"potentialAction\":[{\"@type\":\"SearchAction\",\"target\":{\"@type\":\"EntryPoint\",\"urlTemplate\":\"https:\/\/www.mosellasuitehotel.it\/de\/?s={search_term_string}\"},\"query-input\":{\"@type\":\"PropertyValueSpecification\",\"valueRequired\":true,\"valueName\":\"search_term_string\"}}],\"inLanguage\":\"de\"}]}<\/script>\n<!-- \/ Yoast SEO plugin. -->","yoast_head_json":{"title":"Leistungen | Mosella suite hotel Sottomarina di Chioggia - Venedig","description":"Entdecken Sie alle Leistungen des Mosella Suite Hotels in Sottomarina, Venedig.","robots":{"index":"index","follow":"follow","max-snippet":"max-snippet:-1","max-image-preview":"max-image-preview:large","max-video-preview":"max-video-preview:-1"},"canonical":"https:\/\/www.mosellasuitehotel.it\/de\/servizi\/","og_locale":"de_DE","og_type":"article","og_title":"Leistungen | Mosella suite hotel Sottomarina di Chioggia - Venedig","og_description":"Entdecken Sie alle Leistungen des Mosella Suite Hotels in Sottomarina, Venedig.","og_url":"https:\/\/www.mosellasuitehotel.it\/de\/servizi\/","og_site_name":"Mosella suite hotel","article_modified_time":"2022-06-10T08:00:34+00:00","og_image":[{"width":960,"height":1440,"url":"https:\/\/www.mosellasuitehotel.it\/wp-content\/uploads\/2021\/03\/107385507_3353579388009312_3819776468479304029_o.jpeg","type":"image\/jpeg"}],"twitter_card":"summary_large_image","twitter_misc":{"Gesch\u00e4tzte Lesezeit":"4\u00a0Minuten"},"schema":{"@context":"https:\/\/schema.org","@graph":[{"@type":"WebPage","@id":"https:\/\/www.mosellasuitehotel.it\/de\/servizi\/","url":"https:\/\/www.mosellasuitehotel.it\/de\/servizi\/","name":"Leistungen | Mosella suite hotel Sottomarina di Chioggia - Venedig","isPartOf":{"@id":"https:\/\/www.mosellasuitehotel.it\/de\/#website"},"primaryImageOfPage":{"@id":"https:\/\/www.mosellasuitehotel.it\/de\/servizi\/#primaryimage"},"image":{"@id":"https:\/\/www.mosellasuitehotel.it\/it\/servizi\/#primaryimage"},"thumbnailUrl":"https:\/\/www.mosellasuitehotel.it\/wp-content\/uploads\/2021\/03\/107385507_3353579388009312_3819776468479304029_o.jpeg","datePublished":"2017-07-03T10:02:42+00:00","dateModified":"2022-06-10T08:00:34+00:00","description":"Entdecken Sie alle Leistungen des Mosella Suite Hotels in Sottomarina, Venedig.","breadcrumb":{"@id":"https:\/\/www.mosellasuitehotel.it\/de\/servizi\/#breadcrumb"},"inLanguage":"de","potentialAction":[{"@type":"ReadAction","target":[["https:\/\/www.mosellasuitehotel.it\/de\/servizi\/"]]}]},{"@type":"ImageObject","inLanguage":"de","@id":"https:\/\/www.mosellasuitehotel.it\/de\/servizi\/#primaryimage","url":"https:\/\/www.mosellasuitehotel.it\/wp-content\/uploads\/2021\/03\/107385507_3353579388009312_3819776468479304029_o.jpeg","contentUrl":"https:\/\/www.mosellasuitehotel.it\/wp-content\/uploads\/2021\/03\/107385507_3353579388009312_3819776468479304029_o.jpeg","width":960,"height":1440},{"@type":"BreadcrumbList","@id":"https:\/\/www.mosellasuitehotel.it\/de\/servizi\/#breadcrumb","itemListElement":[{"@type":"ListItem","position":1,"name":"Home","item":"https:\/\/www.mosellasuitehotel.it\/de\/"},{"@type":"ListItem","position":2,"name":"Servizi"}]},{"@type":"WebSite","@id":"https:\/\/www.mosellasuitehotel.it\/de\/#website","url":"https:\/\/www.mosellasuitehotel.it\/de\/","name":"Mosella suite hotel","description":"Sottomarina di Chioggia - Venedig","potentialAction":[{"@type":"SearchAction","target":{"@type":"EntryPoint","urlTemplate":"https:\/\/www.mosellasuitehotel.it\/de\/?s={search_term_string}"},"query-input":{"@type":"PropertyValueSpecification","valueRequired":true,"valueName":"search_term_string"}}],"inLanguage":"de"}]}},"_links":{"self":[{"href":"https:\/\/www.mosellasuitehotel.it\/de\/wp-json\/wp\/v2\/pages\/1172","targetHints":{"allow":["GET"]}}],"collection":[{"href":"https:\/\/www.mosellasuitehotel.it\/de\/wp-json\/wp\/v2\/pages"}],"about":[{"href":"https:\/\/www.mosellasuitehotel.it\/de\/wp-json\/wp\/v2\/types\/page"}],"author":[{"embeddable":true,"href":"https:\/\/www.mosellasuitehotel.it\/de\/wp-json\/wp\/v2\/users\/24"}],"replies":[{"embeddable":true,"href":"https:\/\/www.mosellasuitehotel.it\/de\/wp-json\/wp\/v2\/comments?post=1172"}],"version-history":[{"count":1,"href":"https:\/\/www.mosellasuitehotel.it\/de\/wp-json\/wp\/v2\/pages\/1172\/revisions"}],"predecessor-version":[{"id":5691,"href":"https:\/\/www.mosellasuitehotel.it\/de\/wp-json\/wp\/v2\/pages\/1172\/revisions\/5691"}],"wp:featuredmedia":[{"embeddable":true,"href":"https:\/\/www.mosellasuitehotel.it\/de\/wp-json\/wp\/v2\/media\/5530"}],"wp:attachment":[{"href":"https:\/\/www.mosellasuitehotel.it\/de\/wp-json\/wp\/v2\/media?parent=1172"}],"curies":[{"name":"wp","href":"https:\/\/api.w.org\/{rel}","templated":true}]}}